{"id":9,"date":"2019-06-11T05:35:23","date_gmt":"2019-06-11T05:35:23","guid":{"rendered":"http:\/\/cirkeldans.se\/?page_id=9"},"modified":"2026-05-09T08:15:46","modified_gmt":"2026-05-09T06:15:46","slug":"aktuellt","status":"publish","type":"page","link":"https:\/\/cirkeldans.se\/index.php\/aktuellt\/","title":{"rendered":"Kalendarium"},"content":{"rendered":"\n<p class=\"has-light-green-cyan-background-color has-background\">H\u00e4r nedan kan du l\u00e4sa om olika dansm\u00f6jligheter. Under fliken &#8221;Dansplatser\/grupper&#8221; kan du l\u00e4sa om de mer \u00e5terkommande, regelbundna dansm\u00f6jligheterna.<\/p>\n\n\n\n<h2 class=\"wp-block-heading\">Sjung och dansa till ditt hj\u00e4rta! vid Omberg, 8-10 Maj<\/h2>\n\n\n\n<p>V\u00e4lkommen att sjunga och dansa helande, kraftfulla och meditativa s\u00e5nger och cirkledanser till himmel och jord med s\u00e5ngerska Eva Cederblad och dansledare Marie-Louise von Malmborg. F\u00f6r mer information se presentationen nedan. Anm\u00e4l dig senast den 17\/4.<\/p>\n\n\n\n<div class=\"wp-block-file\"><a id=\"wp-block-file--media-bd476431-1b0d-4529-a5ff-1f274729b837\" href=\"https:\/\/cirkeldans.se\/wp-content\/uploads\/2025\/12\/Affisch-Sjung-och-dansa-till-ditt-hjarta-2026docx.pdf\">Affisch Sjung och dansa till ditt hja\u0308rta 2026docx<\/a><a href=\"https:\/\/cirkeldans.se\/wp-content\/uploads\/2025\/12\/Affisch-Sjung-och-dansa-till-ditt-hjarta-2026docx.pdf\" class=\"wp-block-file__button wp-element-button\" download aria-describedby=\"wp-block-file--media-bd476431-1b0d-4529-a5ff-1f274729b837\">Ladda ner<\/a><\/div>\n\n\n\n<h2 class=\"wp-block-heading\">HELGKURS \u2013 Dansledare, Liberiet vid Domkyrkan i Lund, 16-17 Maj<\/h2>\n\n\n\n<p>Peter Elmberg och Anne Solveig bjuder in till denna helg som \u00e4r en del av v\u00e5r dans-ledarutbildning. Du \u00e4r \u00e4ven varmt v\u00e4lkommen att bara delta i denna helg men v\u00e4ljer du sen att vara med ytterligare en helg (med lite \u00f6vningar emellan) s\u00e5 kan du bli diplomerad dansl\u00e4rare.&nbsp;&nbsp;<\/p>\n\n\n\n<p><strong>Pris:<\/strong>&nbsp;2400:- &nbsp;boka tidigt senast 31 mars, 2100:- .<strong>Info och anm\u00e4lan:<\/strong> <a href=\"mailto:anne@annesolveig.se\">anne@annesolveig.se<\/a>&nbsp; eller&nbsp; <a href=\"mailto:mail@peterelmberg.se\">mail@peterelmberg.se<\/a><\/p>\n\n\n\n<h2 class=\"wp-block-heading\">Dansm\u00e4ssa &#8221;Din ljusa skugga&#8221; i Borlunda kyrka, Esl\u00f6v, 24 Maj <\/h2>\n\n\n\n<p>Dansm\u00e4ssan firas tillsammans med Cantica Nova och instrumentalister. Med enkla steg r\u00f6r vi oss genom rum och tid, fr\u00e5n m\u00f6rker till ljus. <strong>Workshop kl 11-13.30 med m\u00f6jlighet att \u00f6va danserna, men det g\u00e5r<\/strong> <strong>ocks\u00e5 bra att komma direkt till m\u00e4ssan, som b\u00f6rjar kl;14.00<\/strong>. Medtag egen lunch. F\u00f6r ytterligare information kontakta Helene Jakobsson; tel 072-593 20 23 <a href=\"javascript:phoenixHandler.handleMailTo('helene.jakobsson@svenskakyrkan.se');\">helene.jakobsson@svenskakyrkan.se<\/a><\/p>\n\n\n\n<h2 class=\"wp-block-heading\">Retreat med heliga danser, Mor Cillas f\u00f6rsamlingsg\u00e5rd, Arild, 26 &#8211; 28 Maj<\/h2>\n\n\n\n<p>I programmet ing\u00e5r heliga danser, meditationer, kort pilgrimsvandring och gemensamma m\u00e5ltider.&nbsp; Temat \u00e4r Frihet. Kostnad 1700 kr.&nbsp; Ledare Karin Fors och Annika Linderfalk.&nbsp; I samarbete med Kvisk- Kvinnor i Svenska Kyrkan. Retreaten \u00e4r fulltecknad men vi tar emot reservplatser. L\u00e5ng k\u00f6: <a href=\"https:\/\/www.sensus.se\/kurser-och-evenemang\/retreat-med-heliga-danser-arild-1647011\/\" target=\"_blank\" rel=\"noreferrer noopener\">https:\/\/www.sensus.se\/kurser-och-evenemang\/retreat-med-heliga-danser-arild-1647011\/<\/a><\/p>\n\n\n\n<h2 class=\"wp-block-heading\">Dansa hem till ditt hj\u00e4rta, Wettershus, Gr\u00e4nna, 29-31 Maj<\/h2>\n\n\n\n<p>Retreat med cirkeldans. Cirkeldansen b\u00e4r p\u00e5 urgammal och h\u00e5llbar visdom som kan st\u00f6dja oss i att komma hem till oss sj\u00e4lva. Vi dansar i cirkel eller spiralform, ofta hand i hand med enkla repetitiva steg och r\u00f6relser i ordl\u00f6s gemenskap. Kroppen blir v\u00e4gen hem till v\u00e5ra hj\u00e4rtan, v\u00e5r sj\u00e4l och v\u00e5ra k\u00e4nslor. Att dansa cirkeldans kan upplevas som en ordl\u00f6s kroppsb\u00f6n och kan ge k\u00e4nsla av mening, samh\u00f6righet och livsgl\u00e4dje. Under retreaten f\u00f6ljer vi ordningen p\u00e5 Wettershus med tystnad, b\u00f6n och m\u00e5ltidsgemenskap.<br><strong>Ledare<\/strong>:&nbsp;Gunilla Stjernberg, med l\u00e5ng erfarenhet av att leda grupper i helg dans.<br><strong>Kaplan<\/strong>: Anna Toivonen, pr\u00e4st<\/p>\n\n\n\n<p>F\u00f6r information och anm\u00e4lan se l\u00e4nken nedan;  <a href=\"https:\/\/wettershus.se\/retreat\/dansa-hem-till-ditt-hjarta_2026-05-29\/\">https:\/\/wettershus.se\/retreat\/dansa-hem-till-ditt-hjarta_2026-05-29\/<\/a><\/p>\n\n\n\n<h2 class=\"wp-block-heading\">Fira v\u00e5r nya Rans\u00e4ters-dansm\u00e4ssa under spelmansst\u00e4mman,  Rans\u00e4ters hembygdsg\u00e5rd, 7 Juni<\/h2>\n\n\n\n<p>F\u00f6r musiken st\u00e5r Forshaga-Munkfors fl\u00f6jtensemble. Pr\u00e4st: Hans Kvarnstr\u00f6m. Dansledare: Cecilia Hardestam. N\u00e4r: S\u00f6ndag 7\/6 kl 11:00. Var: V\u00e4stra logen, Rans\u00e4ters hembygdsg\u00e5rd<\/p>\n\n\n\n<h2 class=\"wp-block-heading\">Dansfestival, 50 \u00e5r Sacred Circle Dance, Trosa, 12-14 Juni <\/h2>\n\n\n\n<p>Vi firar att det \u00e4r 50 \u00e5r sedan Sacred Circle Dance f\u00f6ddes i Findhorn i Skottland! Tio dansledare kommer att h\u00e5lla i dans, var och en med sitt eget tema, stil och engagemang. Alla \u00e4r varmt v\u00e4lkomna, oavsett danserfarenhet.<\/p>\n\n\n\n<p>F\u00f6r mer information och anm\u00e4lan se presentationen nedan. Anm\u00e4l dig g\u00e4rna snart, men senast den 31 Mars, 2026.<\/p>\n\n\n\n<div class=\"wp-block-file\"><a id=\"wp-block-file--media-cb067867-365e-4cfc-82ca-be10366e1234\" href=\"https:\/\/cirkeldans.se\/wp-content\/uploads\/2025\/11\/inbjudan-dansfestival-2026.pdf\">inbjudan dansfestival 2026<\/a><a href=\"https:\/\/cirkeldans.se\/wp-content\/uploads\/2025\/11\/inbjudan-dansfestival-2026.pdf\" class=\"wp-block-file__button wp-element-button\" download aria-describedby=\"wp-block-file--media-cb067867-365e-4cfc-82ca-be10366e1234\">Ladda ner<\/a><\/div>\n\n\n\n<h2 class=\"wp-block-heading\">Dans p\u00e5 Sommarsolst\u00e5ndets dag, i en tr\u00e4dg\u00e5rd i Malm\u00f6, 20 juni<\/h2>\n\n\n\n<p>Mer information kommer. Kontaktperson; Pia Lamberth &#8211;  pia@pialamberth.se<br><\/p>\n\n\n\n<h2 class=\"wp-block-heading\">Tr\u00e6er &#8211; fra enter og elvere til Edens have, Brunnberg &#8211; V\u00e4rmland, 21-26 Juni<\/h2>\n\n\n\n<p>Cirkeldans workshop med dansepastor Anja Wors\u00f8e Reiff, erfaren danseleder og sognepr\u00e6st som i 20 \u00e5r arbejdet med dans i Folkekirken. Kvinden bag dansegudstjenester og en del af Den danske Folkekirkes netv\u00e6rk \u201dNye veje for krop og \u00c5nd\u201d, der arbejder for at udbrede kendskabet til kropslige praksisformer. Anja taler letforst\u00e5eligt dansk og har stor erfarenhet i at kommunikere p\u00e5 skandinavisk.<br>&nbsp;<br><strong>Logi<\/strong>&nbsp;Indkvartering i enkeltv\u00e6relse i privatejede fritidshuse med f\u00e6lles k\u00f8kken og bad 3-4 personer pr. hus.&nbsp;6 overnatninger i enkeltrum fra s\u00f8ndag til l\u00f8rdag. Inkl. sengelinned og slutreng\u00f8ring.&nbsp;<br>1500 DKK \/ 2195 SEK<br>&nbsp;<br><strong>Forplejning<\/strong>&nbsp;S\u00f8ndag aften til fredag aften: Frokost (lunch), middag og kaffe\/tepauser&nbsp;<br>1500 DKK \/ 2195 SEK<br>&nbsp;<br><strong>Kursus&nbsp;<\/strong>Mandag morgen til l\u00f8rdag aften: Kursusafgift:&nbsp;<br>2500 DKK \/ 3660 SEK<br>&nbsp;<br><strong>Transport&nbsp;<\/strong><br>Bil: Fra Danmark er der ca. 600 km fra Helsingborg, s\u00e5 man kan evt. tage en overnatning p\u00e5 vejen.<br>Tog: Til Karlstad og bus til Eksh\u00e4rad.&nbsp;Bestilles nemt p\u00e5 appen SJ (Sveriges J\u00e4rnv\u00e4gar)<br>Herfra s\u00f8rger vi for transport i grupper.<br>I l\u00f8bet af ugen vil der v\u00e6re transport til og fra Eksh\u00e4rad og er man ikke i egen bil, m\u00e5 der p\u00e5regnes en mindre udgift hertil.<br>&nbsp;<br><strong>Tilmelding&nbsp;til Anja senest 12 April 2026 p\u00e5<\/strong>&nbsp;<a href=\"mailto:anjawreiff@gmail.com\">anjawreiff@gmail.com<\/a><br>Ved tilmelding betales 1000 DKK \/ 1463 SEK<br>Det resterende betales senest 1 maj 2026. Deltagerantallet er begr\u00e6nset, s\u00e5 vent ikke for l\u00e6nge.<\/p>\n\n\n\n<p>Se \u00e4ven presentationen (danska och engelska);<\/p>\n\n\n\n<div class=\"wp-block-file\"><a id=\"wp-block-file--media-b481348e-ce29-42bc-b944-3c5a67bfe4d8\" href=\"https:\/\/cirkeldans.se\/wp-content\/uploads\/2026\/03\/Traeer-2026.pdf\">Tr\u00e6er 2026<\/a><a href=\"https:\/\/cirkeldans.se\/wp-content\/uploads\/2026\/03\/Traeer-2026.pdf\" class=\"wp-block-file__button wp-element-button\" download aria-describedby=\"wp-block-file--media-b481348e-ce29-42bc-b944-3c5a67bfe4d8\">Ladda ner<\/a><\/div>\n\n\n\n<div class=\"wp-block-file\"><a id=\"wp-block-file--media-df4a8d50-c9df-46a0-b946-889ef8381bd0\" href=\"https:\/\/cirkeldans.se\/wp-content\/uploads\/2026\/03\/Trees-2026.pdf\">Trees 2026<\/a><a href=\"https:\/\/cirkeldans.se\/wp-content\/uploads\/2026\/03\/Trees-2026.pdf\" class=\"wp-block-file__button wp-element-button\" download aria-describedby=\"wp-block-file--media-df4a8d50-c9df-46a0-b946-889ef8381bd0\">Ladda ner<\/a><\/div>\n\n\n\n<h2 class=\"wp-block-heading\">V\u00e4rldsdansdagen f\u00f6r heliga cirkeldanser,&nbsp;Liberiet i Lund, 5 Juli, kl;13-16 <\/h2>\n\n\n\n<p>Varmt v\u00e4lkommen att dansa tillsammans i det vackra Liberiet i Lund f\u00f6r att fira den elfte v\u00e4rldsdansdagen f\u00f6r heliga cirkeldanser.&nbsp; Ledare: Frieda T\u00e4rn, (diplomerad i Heliga danser) L\u00e4s mer och anm\u00e4l dig h\u00e4r: <a href=\"https:\/\/www.sensus.se\/kurser-och-evenemang\/varldsdansdagen-for-heliga-cirkeldanser-den-5e-juli-2026-1658869\/\" target=\"_blank\" rel=\"noreferrer noopener\">https:\/\/www.sensus.se\/kurser-och-evenemang\/varldsdansdagen-for-heliga-cirkeldanser-den-5e-juli-2026-1658869\/<\/a><\/p>\n\n\n\n<h2 class=\"wp-block-heading\">Heliga danser, \u00d6stra Vemmerl\u00f6v, 26 Juli<\/h2>\n\n\n\n<p>Heliga danser p\u00e5 Killans B\u00f6neg\u00e5rd och i labyrinten, \u00d6stra Vemmerl\u00f6v. Vi utforskar v\u00e5ra k\u00e4nda och ok\u00e4nda r\u00f6tter p\u00e5&nbsp;Anna och Joakims helgondag.<br>26 juli&nbsp;kl 10.00- 18.00. Ankomst&nbsp;fr\u00e5n&nbsp;kl 9.30.&nbsp;Medtag mat f\u00f6r dagen.<br>Anm\u00e4lan till&nbsp;<a href=\"mailto:Karin.fors@telia.com\" target=\"_blank\" rel=\"noreferrer noopener\">Karin.fors@telia.com<\/a>&nbsp;senast&nbsp;17 juli. Anm\u00e4lningsavgift 100 kronor till Killans bg. 5609-0129.<br>Begr\u00e4nsat antal platser.<\/p>\n\n\n\n<h2 class=\"wp-block-heading\">&#8221;Today will be my peaceful day&#8221;- Dansvecka p\u00e5 Back\u00e5kra, \u00d6sterlen, 9-15 Augusti<\/h2>\n\n\n\n<p>med Pia Lamberth och Sabine Neumann.  Vi s\u00f6ker frid och fred i vardagen, i v\u00e5ra liv, med v\u00e5ra liv i v\u00e4rlden. Jorden b\u00e4r oss d\u00e4r vi dansar under det stora himlavalvet, p\u00e5 jorden, p\u00e5 h\u00f6jderna och p\u00e5 havets milsvida str\u00e4nder, p\u00e5 danshusets golv och d\u00e4rutanf\u00f6r. Vi f\u00f6ljer v\u00e5r grundrytm genom dansen och livet i kanske oanade riktningar av m\u00f6rka och ljusa tider.<\/p>\n\n\n\n<p>OBS! \u00c4nnu n\u00e5gra platser kvar. Sista anm\u00e4lningsdag \u00e4r den 25\/6. F\u00f6r \u00f6vrig information och anm\u00e4lan se presentationen nedan.<\/p>\n\n\n\n<div class=\"wp-block-file\"><a id=\"wp-block-file--media-dfc8b39b-1bdd-45c0-950d-480a64fc3810\" href=\"https:\/\/cirkeldans.se\/wp-content\/uploads\/2026\/03\/Backakra-26.pdf\">Back\u00e5kra 26<\/a><a href=\"https:\/\/cirkeldans.se\/wp-content\/uploads\/2026\/03\/Backakra-26.pdf\" class=\"wp-block-file__button wp-element-button\" download aria-describedby=\"wp-block-file--media-dfc8b39b-1bdd-45c0-950d-480a64fc3810\">Ladda ner<\/a><\/div>\n\n\n\n<h2 class=\"wp-block-heading\">Inspiration och Livslust, Uckleby g\u00e5rd, 15-16 Augusti<\/h2>\n\n\n\n<p>Tv\u00e5 h\u00e4rliga dagar med gl\u00e4dje och n\u00e4ring till kropp och sj\u00e4l. Ledare; Tomas Frankell och Marie-Louise von Malmborg. F\u00f6r information se presentationen nedan. Anm\u00e4l dig senast den 1;a augusti.<\/p>\n\n\n\n<div class=\"wp-block-file\"><a id=\"wp-block-file--media-55159eb3-1bc7-4775-9b54-aabcc15e3aad\" href=\"https:\/\/cirkeldans.se\/wp-content\/uploads\/2026\/04\/Affisch-Inspiration-och-livslust-augusti-2026.2docx.pdf\">Affisch Inspiration och livslust augusti 2026.2docx<\/a><a href=\"https:\/\/cirkeldans.se\/wp-content\/uploads\/2026\/04\/Affisch-Inspiration-och-livslust-augusti-2026.2docx.pdf\" class=\"wp-block-file__button wp-element-button\" download aria-describedby=\"wp-block-file--media-55159eb3-1bc7-4775-9b54-aabcc15e3aad\">Ladda ner<\/a><\/div>\n\n\n\n<h2 class=\"wp-block-heading\">Dansa ber\u00e4ttelsen om den sjuka flickans m\u00f6te med Jesus, 30-31 Augusti, Pilgrimscentrum i Tyres\u00f6<\/h2>\n\n\n\n<p>Rituell dans enligt metod efter Brita Haugen fr\u00e5n Danmark. En tv\u00e5dagarskurs i Tyres\u00f6 f\u00f6rsamling med start s\u00f6ndag kl. 10.30 avslut m\u00e5ndag 15.30. <br>Vi ger en bibelber\u00e4ttelse kropp genom v\u00e5ra egna k\u00e4nslor i rituell dans&nbsp;under 2 dagar, 30\u201331 augusti i \u00e5r p\u00e5 Stockholms Pilgrimscentrum i&nbsp;Tyres\u00f6.&nbsp;Vi kommer att gestalta&nbsp;m\u00f6tet mellan den sjuka flickan och Jesus som s\u00e4ger &#8221;Talita koum&#8221; som betyder lilla flicka, jag s\u00e4ger dig, stig upp! (Markus 5:21-43). I dansen f\u00e5r vi n\u00e4ring till v\u00e5rt hopp att Gud g\u00f6r det om\u00f6jliga m\u00f6jligt. Genom dansen&nbsp;f\u00e5r vi en djupare f\u00f6rst\u00e5else av bibelber\u00e4ttelsens budskap och en \u00e4kta upplevelse av tro, hopp och st\u00f6d.&nbsp;<br><br>Dansledare \u00e4r \u00c5sa Rockberg, rytmh\u00e5llare \u00e4r Laurel Wakeman. Mer information och anm\u00e4lan via l\u00e4nk: <a href=\"https:\/\/www.sensus.se\/kurser-och-evenemang\/dansa-jesu-mote-med-den-sjuka-flickan-1660276\/\">https:\/\/www.sensus.se\/kurser-och-evenemang\/dansa-jesu-mote-med-den-sjuka-flickan-1660276\/<\/a><\/p>\n\n\n\n<h2 class=\"wp-block-heading\">Piry Krakow, J\u00e4rna, 4-6 September<\/h2>\n\n\n\n<p>Temat f\u00f6r helgen \u00e4r Celebration. Vill du vara med och fira med Piry anm\u00e4l dig till Kirsten. <a href=\"mailto:nistedkirsten@gmail.com\">nistedkirsten@gmail.com<\/a> , skickar hon program och mer information. Vi kommer att dansa i  Vidarkliniken. Anm\u00e4lningsavgiften, 650;- till Kirsten via Swish 0739-456787 senast 1;a juni. 135 Euro till Piry senast f\u00f6rsta augusti. F\u00f6r mer information se presentationen;<\/p>\n\n\n\n<div class=\"wp-block-file\"><a id=\"wp-block-file--media-2cc2f689-55dd-4c7e-8e72-663718bee340\" href=\"https:\/\/cirkeldans.se\/wp-content\/uploads\/2026\/03\/Celebration-september-2026.pdf\">Celebration september 2026<\/a><a href=\"https:\/\/cirkeldans.se\/wp-content\/uploads\/2026\/03\/Celebration-september-2026.pdf\" class=\"wp-block-file__button wp-element-button\" download aria-describedby=\"wp-block-file--media-2cc2f689-55dd-4c7e-8e72-663718bee340\">Ladda ner<\/a><\/div>\n\n\n\n<h2 class=\"wp-block-heading\">50-\u00e5rsjubileum Findhorn Festival of Sacred Dance Music and Song, 5-12 September<\/h2>\n\n\n\n<p>Bokningen till 50-\u00e5rsjubil\u00e9et \u00e4r&nbsp;\u00f6ppen. F\u00f6r information om festivalen se; <a href=\"https:\/\/app2.editnews.com\/ec\/public\/link?issueid=594800&amp;userid=93541744&amp;linkid=47304408&amp;readid=DD189401407D&amp;test=&amp;umailid=2622687940\">https:\/\/findhornsacreddance.com\/<\/a><\/p>\n\n\n\n<p>Findhorn Sacred Dance Festival Sept 5\u201312, 2026 with Findhorn Teachers and Musicians, Fido Wagler and other invited teachers, celebrating 50 years since Bernhard Wosien came to Findhorn. Please write to us at: <a href=\"mailto:findhornsacreddance@gmail.com\">findhornsacreddance@gmail.com <\/a>for more information.<br><\/p>\n\n\n\n<h2 class=\"wp-block-heading\">S\u00e5ng, dans och Vandring, Omberg, 10-13 September<\/h2>\n\n\n\n<p>V\u00e4lkommen till n\u00e5gra n\u00e4rande dagar i gl\u00e4dje och gemenskap med s\u00e5nger, cirkeldanser och kortare vandringar i den kraftfulla naturen p\u00e5 Omberg och vid V\u00e4ttern. F\u00f6r mer information se presentationen nedan. Anm\u00e4l dig senast den 20 augusti.<\/p>\n\n\n\n<div class=\"wp-block-file\"><a id=\"wp-block-file--media-abe7ccb1-6257-412a-a3df-8d4429622570\" href=\"https:\/\/cirkeldans.se\/wp-content\/uploads\/2026\/04\/Affisch-sang-dans-och-vandring-2026-2docx.pdf\">Affisch sa\u030ang, dans och vandring 2026 2docx<\/a><a href=\"https:\/\/cirkeldans.se\/wp-content\/uploads\/2026\/04\/Affisch-sang-dans-och-vandring-2026-2docx.pdf\" class=\"wp-block-file__button wp-element-button\" download aria-describedby=\"wp-block-file--media-abe7ccb1-6257-412a-a3df-8d4429622570\">Ladda ner<\/a><\/div>\n\n\n\n<h2 class=\"wp-block-heading\">Dans p\u00e5 H\u00f6stdagj\u00e4mningens dag, 23 September, i en tr\u00e4dg\u00e5rd i Malm\u00f6<\/h2>\n\n\n\n<p>Mer information kommer. Kontaktperson; Pia Lamberth &#8211;  pia@pialamberth.se<br><\/p>\n\n\n\n<h2 class=\"wp-block-heading\">Pr\u00f6va p\u00e5 Cirkeldans, Malm\u00f6 stads \u00e4ldrevecka, 30 September<\/h2>\n\n\n\n<p>Pr\u00f6va p\u00e5 Cirkeldans i Kirsebergssalen&nbsp;under Malm\u00f6 stads \u00e4ldrevecka, 30 september,kl 13-15. Pia Lamberth \u00e5terkommer med mer information. <\/p>\n\n\n\n<h2 class=\"wp-block-heading\">Dansa till den inre livsk\u00e4llan, Vadstena, 9-11 Oktober<\/h2>\n\n\n\n<p>V\u00e4lkommen till en f\u00f6rdjupande danshelg med Helande Cirkeldans i Vadstena. Med hj\u00e4lp av musiken, dansen, cirkelns gemenskap och stunderna av stillhet \u00f6ppnar vi oss f\u00f6r den inre livsk\u00e4llan som fyller oss med frid n\u00e4rvaro och helande kraft. F\u00f6r mer information se presentationen nedan. Anm\u00e4l dig senast den 18\/9<\/p>\n\n\n\n<div class=\"wp-block-file\"><a id=\"wp-block-file--media-010f88ed-b8f2-4573-afaf-2cf342367010\" href=\"https:\/\/cirkeldans.se\/wp-content\/uploads\/2026\/04\/Dansfordjupning-i-Vadstena-9-till-11-oktober-2026.pdf\">Dansfo\u0308rdjupning i Vadstena 9 till 11 oktober 2026<\/a><a href=\"https:\/\/cirkeldans.se\/wp-content\/uploads\/2026\/04\/Dansfordjupning-i-Vadstena-9-till-11-oktober-2026.pdf\" class=\"wp-block-file__button wp-element-button\" download aria-describedby=\"wp-block-file--media-010f88ed-b8f2-4573-afaf-2cf342367010\">Ladda ner<\/a><\/div>\n\n\n\n<h2 class=\"wp-block-heading\">Vi dansar p\u00e5 Vintersolst\u00e5ndets dag&nbsp;, 21 December<\/h2>\n\n\n\n<p>Mer information kommer. Kontaktperson; Pia Lamberth &#8211;  pia@pialamberth.se<\/p>\n\n\n\n<h2 class=\"wp-block-heading\">Nanni Kloke, Fl\u00e4msl\u00e4tt, Sk\u00f6vde 2-4 April 2027<\/h2>\n\n\n\n<p>F\u00f6r information se bifogad presentationen. F\u00f6r ytterligare information kontakta Pia Ros\u00e9n via mail; pia@pinglabo.se. <\/p>\n\n\n\n<div class=\"wp-block-file\"><a id=\"wp-block-file--media-747717c4-b4d0-4b42-b542-350ac56a0d35\" href=\"https:\/\/cirkeldans.se\/wp-content\/uploads\/2026\/01\/270402-Tree-of-life-Nanni-forsta.pdf\">270402 Tree of life Nanni fo\u0308rsta<\/a><a href=\"https:\/\/cirkeldans.se\/wp-content\/uploads\/2026\/01\/270402-Tree-of-life-Nanni-forsta.pdf\" class=\"wp-block-file__button wp-element-button\" download aria-describedby=\"wp-block-file--media-747717c4-b4d0-4b42-b542-350ac56a0d35\">Ladda ner<\/a><\/div>\n\n\n\n<p><br><\/p>\n\n\n\n<p><br><br><\/p>\n\n\n\n<p><\/p>\n","protected":false},"excerpt":{"rendered":"<p>H\u00e4r nedan kan du l\u00e4sa om olika dansm\u00f6jligheter. Under fliken &#8221;Dansplatser\/grupper&#8221; kan du l\u00e4sa om de mer \u00e5terkommande, regelbundna dansm\u00f6jligheterna. Sjung och dansa till ditt hj\u00e4rta! vid Omberg, 8-10 Maj V\u00e4lkommen att sjunga och dansa helande, kraftfulla och meditativa s\u00e5nger och cirkledanser till himmel och jord med s\u00e5ngerska Eva Cederblad<span class=\"more-link\"><a href=\"https:\/\/cirkeldans.se\/index.php\/aktuellt\/\">Continue Reading<\/a><\/span><\/p>\n","protected":false},"author":1,"featured_media":0,"parent":0,"menu_order":0,"comment_status":"closed","ping_status":"closed","template":"","meta":{"footnotes":""},"class_list":["entry","author-xrf3wckot0","post-9","page","type-page","status-publish"],"_links":{"self":[{"href":"https:\/\/cirkeldans.se\/index.php\/wp-json\/wp\/v2\/pages\/9","targetHints":{"allow":["GET"]}}],"collection":[{"href":"https:\/\/cirkeldans.se\/index.php\/wp-json\/wp\/v2\/pages"}],"about":[{"href":"https:\/\/cirkeldans.se\/index.php\/wp-json\/wp\/v2\/types\/page"}],"author":[{"embeddable":true,"href":"https:\/\/cirkeldans.se\/index.php\/wp-json\/wp\/v2\/users\/1"}],"replies":[{"embeddable":true,"href":"https:\/\/cirkeldans.se\/index.php\/wp-json\/wp\/v2\/comments?post=9"}],"version-history":[{"count":919,"href":"https:\/\/cirkeldans.se\/index.php\/wp-json\/wp\/v2\/pages\/9\/revisions"}],"predecessor-version":[{"id":2707,"href":"https:\/\/cirkeldans.se\/index.php\/wp-json\/wp\/v2\/pages\/9\/revisions\/2707"}],"wp:attachment":[{"href":"https:\/\/cirkeldans.se\/index.php\/wp-json\/wp\/v2\/media?parent=9"}],"curies":[{"name":"wp","href":"https:\/\/api.w.org\/{rel}","templated":true}]}}