{"id":8,"date":"2019-06-11T05:35:23","date_gmt":"2019-06-11T05:35:23","guid":{"rendered":"http:\/\/cirkeldans.se\/?page_id=8"},"modified":"2023-01-09T09:40:57","modified_gmt":"2023-01-09T07:40:57","slug":"kontakt","status":"publish","type":"page","link":"http:\/\/cirkeldans.se\/index.php\/kontakt\/","title":{"rendered":"Kontakt"},"content":{"rendered":"\n<p class=\"has-background\" style=\"background-color:#bcd7e2\">Vill du bidra med redaktionellt material till fliken L\u00e4sv\u00e4rt? Du kanske vill skriva ett reportage om n\u00e5got dansevent du har deltagit i, eller reflektera \u00f6ver n\u00e5got dansrelaterat? Kanske har du l\u00e4st en bok eller en artikel som du vill tipsa om?  Har du information om n\u00e5got dansevent eller en kurs du vill tipsa om,  eller har du startat en lokal dansgrupp och vill f\u00e5 med dina  kontaktuppgifter eller en l\u00e4nk till din hemsida?  Maila ditt material till <a href=\"mailto:redaktion@cirkeldans.se\">redaktion@cirkeldans.se<\/a>. <em>Det kan h\u00e4nda att det ser ut som ditt mail inte kommer fram, men det kommer fram<\/em>. Om du bifogar en flyer eller en broschyr som ska vara nedladdningsbar s\u00e5 skicka den i pdf-format. All annan text skickar du i Word-format, s\u00e5 att den \u00e4r redigerbar. Om du skickar bilder s\u00e5 ska de vara i gif-, jpg eller png-format.<\/p>\n\n\n\n<hr class=\"wp-block-separator\"\/>\n","protected":false},"excerpt":{"rendered":"<p>Vill du bidra med redaktionellt material till fliken L\u00e4sv\u00e4rt? Du kanske vill skriva ett reportage om n\u00e5got dansevent du har deltagit i, eller reflektera \u00f6ver n\u00e5got dansrelaterat? Kanske har du l\u00e4st en bok eller en artikel som du vill tipsa om? Har du information om n\u00e5got dansevent eller en kurs<span class=\"more-link\"><a href=\"http:\/\/cirkeldans.se\/index.php\/kontakt\/\">Continue Reading<\/a><\/span><\/p>\n","protected":false},"author":1,"featured_media":0,"parent":0,"menu_order":0,"comment_status":"closed","ping_status":"closed","template":"","meta":{"footnotes":""},"class_list":["entry","author-xrf3wckot0","post-8","page","type-page","status-publish"],"_links":{"self":[{"href":"http:\/\/cirkeldans.se\/index.php\/wp-json\/wp\/v2\/pages\/8","targetHints":{"allow":["GET"]}}],"collection":[{"href":"http:\/\/cirkeldans.se\/index.php\/wp-json\/wp\/v2\/pages"}],"about":[{"href":"http:\/\/cirkeldans.se\/index.php\/wp-json\/wp\/v2\/types\/page"}],"author":[{"embeddable":true,"href":"http:\/\/cirkeldans.se\/index.php\/wp-json\/wp\/v2\/users\/1"}],"replies":[{"embeddable":true,"href":"http:\/\/cirkeldans.se\/index.php\/wp-json\/wp\/v2\/comments?post=8"}],"version-history":[{"count":9,"href":"http:\/\/cirkeldans.se\/index.php\/wp-json\/wp\/v2\/pages\/8\/revisions"}],"predecessor-version":[{"id":1175,"href":"http:\/\/cirkeldans.se\/index.php\/wp-json\/wp\/v2\/pages\/8\/revisions\/1175"}],"wp:attachment":[{"href":"http:\/\/cirkeldans.se\/index.php\/wp-json\/wp\/v2\/media?parent=8"}],"curies":[{"name":"wp","href":"https:\/\/api.w.org\/{rel}","templated":true}]}}